{"id":6,"date":"2023-09-18T08:00:55","date_gmt":"2023-09-18T06:00:55","guid":{"rendered":"http:\/\/bttgzgd.cluster028.hosting.ovh.net\/?page_id=6"},"modified":"2024-01-25T06:12:23","modified_gmt":"2024-01-25T05:12:23","slug":"accueil","status":"publish","type":"page","link":"https:\/\/vimage.online\/","title":{"rendered":"Accueil"},"content":{"rendered":"\n<figure class=\"wp-block-image alignfull size-full\"><img loading=\"lazy\" decoding=\"async\" width=\"2560\" height=\"892\" src=\"https:\/\/vimage.online\/wp-content\/uploads\/2024\/01\/ACCUEIL-VimageJuillet23hauteres-3-1-scaled.jpg\" alt=\"ACCUEIL Site Vimage\" class=\"wp-image-1605\" srcset=\"https:\/\/vimage.online\/wp-content\/uploads\/2024\/01\/ACCUEIL-VimageJuillet23hauteres-3-1-scaled.jpg 2560w, https:\/\/vimage.online\/wp-content\/uploads\/2024\/01\/ACCUEIL-VimageJuillet23hauteres-3-1-300x105.jpg 300w, https:\/\/vimage.online\/wp-content\/uploads\/2024\/01\/ACCUEIL-VimageJuillet23hauteres-3-1-1024x357.jpg 1024w, https:\/\/vimage.online\/wp-content\/uploads\/2024\/01\/ACCUEIL-VimageJuillet23hauteres-3-1-768x268.jpg 768w, https:\/\/vimage.online\/wp-content\/uploads\/2024\/01\/ACCUEIL-VimageJuillet23hauteres-3-1-1536x535.jpg 1536w, https:\/\/vimage.online\/wp-content\/uploads\/2024\/01\/ACCUEIL-VimageJuillet23hauteres-3-1-2048x714.jpg 2048w\" sizes=\"auto, (max-width: 2560px) 100vw, 2560px\" \/><\/figure>\n\n\n\n<div class=\"wp-block-group alignfull has-background\" style=\"background-color:#2d3258\"><div class=\"wp-block-group__inner-container is-layout-constrained wp-block-group-is-layout-constrained\">\n<div style=\"height:30px\" aria-hidden=\"true\" class=\"wp-block-spacer\"><\/div>\n\n\n\n<h1 class=\"wp-block-heading has-text-align-center has-white-color has-text-color has-link-color wp-elements-83371ad8540ae807c226b902b23873fa\" style=\"font-size:65px\">Vimage<\/h1>\n\n\n\n<h2 class=\"wp-block-heading has-text-align-center has-text-color has-link-color has-large-font-size wp-elements-fe8edfcd1db84f64ab4df63bef00ae90\" style=\"color:#4bbfbe\">La biographie autrement<\/h2>\n\n\n\n<div style=\"height:30px\" aria-hidden=\"true\" class=\"wp-block-spacer\"><\/div>\n<\/div><\/div>\n\n\n\n<div style=\"height:100px\" aria-hidden=\"true\" class=\"wp-block-spacer\"><\/div>\n\n\n\n<h2 class=\"wp-block-heading alignwide has-text-align-center\" id=\"we-re-a-studio-in-berlin-with-an-international-practice-in-architecture-urban-planning-and-interior-design-we-believe-in-sharing-knowledge-and-promoting-dialogue-to-increase-the-creative-potential-of-collaboration\" style=\"font-size:35px;line-height:1.1\">Nous avons tous une histoire extraordinaire <br>\u00e0 r\u00e9v\u00e9ler et \u00e0 transmettre<\/h2>\n\n\n\n<div style=\"height:12px\" aria-hidden=\"true\" class=\"wp-block-spacer\"><\/div>\n\n\n\n<h2 class=\"wp-block-heading has-text-align-center\">Partons ensemble \u00e0 la d\u00e9couverte de votre histoire.<br>\u00c9crivons ensemble cette trajectoire unique, constitutive de votre identit\u00e9. <\/h2>\n\n\n\n<div class=\"wp-block-buttons is-horizontal is-content-justification-center is-layout-flex wp-container-core-buttons-is-layout-499968f5 wp-block-buttons-is-layout-flex\">\n<div class=\"wp-block-button is-style-fill\"><a class=\"wp-block-button__link has-text-color has-background wp-element-button\" href=\"https:\/\/calendly.com\/cecile-frank\/30min\" style=\"border-radius:50px;color:#ffffff;background-color:#2494a2\">Prendre rendez-vous<\/a><\/div>\n<\/div>\n\n\n\n<div style=\"height:100px\" aria-hidden=\"true\" class=\"wp-block-spacer\"><\/div>\n\n\n\n<div class=\"wp-block-media-text alignwide has-media-on-the-right is-stacked-on-mobile is-vertically-aligned-center has-background\" style=\"background-color:#e5e9ec;grid-template-columns:auto 33%\"><div class=\"wp-block-media-text__content\">\n<div style=\"height:30px\" aria-hidden=\"true\" class=\"wp-block-spacer\"><\/div>\n\n\n\n<h2 class=\"wp-block-heading\"><strong>\u00c0<\/strong> propos<\/h2>\n\n\n\n<p>La biographe que je suis devenue garde son empreinte de chercheuse. Rien ne m&rsquo;anime davantage que de jeter la lumi\u00e8re sur un parcours de vie, d\u00e9voiler un pan d\u2019une histoire, et permettre \u00e0 un narrateur de d\u00e9couvrir des faits sous un nouveau jour. Vous devenez l\u2019intrigue captivante de mon enqu\u00eate. Tandis que vous vous frayez un chemin dans la for\u00eat de vos souvenirs, je glane au fil de nos entretiens, des faits historiques qui \u00e9clairent votre route et nourrissent votre r\u00e9cit. Vos propos combin\u00e9s \u00e0 mes recherches historiques ou sociologiques cr\u00e9ent la symphonie unique qui donne vie \u00e0 votre histoire. <\/p>\n\n\n\n<div class=\"wp-block-buttons is-layout-flex wp-block-buttons-is-layout-flex\">\n<div class=\"wp-block-button\"><a class=\"wp-block-button__link has-background wp-element-button\" href=\"http:\/\/bttgzgd.cluster028.hosting.ovh.net\/index.php\/a-propos\/\" style=\"background-color:#304b78\">Je veux la suite&#8230;<\/a><\/div>\n<\/div>\n\n\n\n<div style=\"height:30px\" aria-hidden=\"true\" class=\"wp-block-spacer\"><\/div>\n<\/div><figure class=\"wp-block-media-text__media\"><img loading=\"lazy\" decoding=\"async\" width=\"683\" height=\"1024\" src=\"http:\/\/bttgzgd.cluster028.hosting.ovh.net\/wp-content\/uploads\/2023\/10\/WEB-VimageJuillet23hauteres-14-683x1024.jpg\" alt=\"C\u00e9cile\" class=\"wp-image-304 size-full\" srcset=\"https:\/\/vimage.online\/wp-content\/uploads\/2023\/10\/WEB-VimageJuillet23hauteres-14-683x1024.jpg 683w, https:\/\/vimage.online\/wp-content\/uploads\/2023\/10\/WEB-VimageJuillet23hauteres-14-200x300.jpg 200w, https:\/\/vimage.online\/wp-content\/uploads\/2023\/10\/WEB-VimageJuillet23hauteres-14-768x1152.jpg 768w, https:\/\/vimage.online\/wp-content\/uploads\/2023\/10\/WEB-VimageJuillet23hauteres-14-1024x1536.jpg 1024w, https:\/\/vimage.online\/wp-content\/uploads\/2023\/10\/WEB-VimageJuillet23hauteres-14-1365x2048.jpg 1365w, https:\/\/vimage.online\/wp-content\/uploads\/2023\/10\/WEB-VimageJuillet23hauteres-14.jpg 1600w\" sizes=\"auto, (max-width: 683px) 100vw, 683px\" \/><\/figure><\/div>\n\n\n\n<div style=\"height:100px\" aria-hidden=\"true\" class=\"wp-block-spacer\"><\/div>\n\n\n\n<div class=\"wp-block-media-text alignwide is-stacked-on-mobile is-vertically-aligned-center\" style=\"grid-template-columns:31% auto\"><figure class=\"wp-block-media-text__media\"><img loading=\"lazy\" decoding=\"async\" width=\"1024\" height=\"540\" src=\"http:\/\/bttgzgd.cluster028.hosting.ovh.net\/wp-content\/uploads\/2023\/10\/WEB-detail-VimageJuillet23hauteres-22-1024x540.jpg\" alt=\"Ecrire\" class=\"wp-image-338 size-full\" srcset=\"https:\/\/vimage.online\/wp-content\/uploads\/2023\/10\/WEB-detail-VimageJuillet23hauteres-22-1024x540.jpg 1024w, https:\/\/vimage.online\/wp-content\/uploads\/2023\/10\/WEB-detail-VimageJuillet23hauteres-22-300x158.jpg 300w, https:\/\/vimage.online\/wp-content\/uploads\/2023\/10\/WEB-detail-VimageJuillet23hauteres-22-768x405.jpg 768w, https:\/\/vimage.online\/wp-content\/uploads\/2023\/10\/WEB-detail-VimageJuillet23hauteres-22-1536x810.jpg 1536w, https:\/\/vimage.online\/wp-content\/uploads\/2023\/10\/WEB-detail-VimageJuillet23hauteres-22-2048x1079.jpg 2048w, https:\/\/vimage.online\/wp-content\/uploads\/2023\/10\/WEB-detail-VimageJuillet23hauteres-22-2000x1054.jpg 2000w\" sizes=\"auto, (max-width: 1024px) 100vw, 1024px\" \/><\/figure><div class=\"wp-block-media-text__content\">\n<h2 class=\"wp-block-heading\">Mes services<\/h2>\n\n\n\n<p>Reconstituer le fil rouge de votre histoire de vie pour la transmettre, constitue un partage conscient de vos valeurs et de votre trajectoire. Ainsi, vous devenez le passeur d&rsquo;une histoire familiale entre vos ascendants et vos descendants. Je vous propose de donner vie \u00e0 votre narration \u00e0 travers l&rsquo;\u00e9crit, l&rsquo;audio, la vid\u00e9o ou Internet. Laissez votre sensibilit\u00e9 choisir le format qui  vous ressemble et parlons ensemble de votre projet.  <\/p>\n\n\n\n<div class=\"wp-block-buttons is-layout-flex wp-block-buttons-is-layout-flex\">\n<div class=\"wp-block-button is-style-fill\"><a class=\"wp-block-button__link has-background wp-element-button\" href=\"http:\/\/bttgzgd.cluster028.hosting.ovh.net\/index.php\/a-propos\/\" style=\"background-color:#304b78\">Mes services<\/a><\/div>\n<\/div>\n<\/div><\/div>\n\n\n\n<div style=\"height:100px\" aria-hidden=\"true\" class=\"wp-block-spacer\"><\/div>\n\n\n\n<div class=\"wp-block-group alignfull has-white-color has-text-color has-background has-link-color wp-elements-deb83daaf4802ba0ef6e5d1620b1165b\" style=\"background-color:#304b78\"><div class=\"wp-block-group__inner-container is-layout-constrained wp-block-group-is-layout-constrained\">\n<div style=\"height:50px\" aria-hidden=\"true\" class=\"wp-block-spacer\"><\/div>\n\n\n\n<h2 class=\"wp-block-heading has-text-align-center has-white-color has-text-color has-link-color wp-elements-9edf30560ca505153b6fe0081ad3e0dc\">Galerie<\/h2>\n\n\n\n<div class=\"alignnormal\"><div id=\"metaslider-id-1382\" style=\"width: 100%; margin: 0 auto;\" class=\"ml-slider-3-107-0 metaslider metaslider-flex metaslider-1382 ml-slider has-dots-nav has-carousel-mode ms-theme-default\" role=\"region\" aria-label=\"Accueil\" data-height=\"450\" data-width=\"800\">\n    <div id=\"metaslider_container_1382\">\n        <div id=\"metaslider_1382\">\n            <ul class='slides'>\n                <li style=\"display: none; width: 100%;\" class=\"slide-1383 ms-image \" aria-roledescription=\"slide\" data-date=\"2024-01-16 15:52:04\" data-filename=\"Ouvrage-biographique2-800x450.jpg\" data-slide-type=\"image\"><img loading=\"lazy\" decoding=\"async\" src=\"https:\/\/vimage.online\/wp-content\/uploads\/2023\/12\/Ouvrage-biographique2-800x450.jpg\" height=\"450\" width=\"800\" alt=\"Ouvrage biographique\" class=\"slider-1382 slide-1383 msDefaultImage\" title=\"Ouvrage biographique\" \/><\/li>\n                <li style=\"display: none; width: 100%;\" class=\"slide-1387 ms-image \" aria-roledescription=\"slide\" data-date=\"2024-01-16 15:53:06\" data-filename=\"WEB-VimageAtelierCercle-18-800x450.jpg\" data-slide-type=\"image\"><img loading=\"lazy\" decoding=\"async\" src=\"https:\/\/vimage.online\/wp-content\/uploads\/2023\/10\/WEB-VimageAtelierCercle-18-800x450.jpg\" height=\"450\" width=\"800\" alt=\"Atelier collage\" class=\"slider-1382 slide-1387 msDefaultImage\" title=\"Atelier collage\" \/><\/li>\n                <li style=\"display: none; width: 100%;\" class=\"slide-1385 ms-image \" aria-roledescription=\"slide\" data-date=\"2024-01-16 15:52:37\" data-filename=\"IMG_4267-scaled-800x450.jpg\" data-slide-type=\"image\"><img loading=\"lazy\" decoding=\"async\" src=\"https:\/\/vimage.online\/wp-content\/uploads\/2023\/12\/IMG_4267-scaled-800x450.jpg\" height=\"450\" width=\"800\" alt=\"Bo\u00eete photos\" class=\"slider-1382 slide-1385 msDefaultImage\" title=\"Bo\u00eete photos\" \/><\/li>\n                <li style=\"display: none; width: 100%;\" class=\"slide-1384 ms-image \" aria-roledescription=\"slide\" data-date=\"2024-01-16 15:52:24\" data-filename=\"IMG_4208-1-scaled-800x450.jpg\" data-slide-type=\"image\"><img loading=\"lazy\" decoding=\"async\" src=\"https:\/\/vimage.online\/wp-content\/uploads\/2023\/12\/IMG_4208-1-scaled-800x450.jpg\" height=\"450\" width=\"800\" alt=\"Portrait professionnel\" class=\"slider-1382 slide-1384 msDefaultImage\" title=\"Portrait professionnel\" \/><\/li>\n                <li style=\"display: none; width: 100%;\" class=\"slide-1386 ms-image \" aria-roledescription=\"slide\" data-date=\"2024-01-16 15:52:56\" data-filename=\"LIVRE-Vernea-Borter-1-scaled-800x450.jpg\" data-slide-type=\"image\"><img loading=\"lazy\" decoding=\"async\" src=\"https:\/\/vimage.online\/wp-content\/uploads\/2023\/09\/LIVRE-Vernea-Borter-1-scaled-800x450.jpg\" height=\"450\" width=\"800\" alt=\"Livre Vernea Borter\" class=\"slider-1382 slide-1386 msDefaultImage\" title=\"Livre Vernea Borter\" \/><\/li>\n                <li style=\"display: none; width: 100%;\" class=\"slide-1388 ms-image \" aria-roledescription=\"slide\" data-date=\"2024-01-16 15:53:25\" data-filename=\"LIVRE-A-Altermatt-2-800x450.jpg\" data-slide-type=\"image\"><img loading=\"lazy\" decoding=\"async\" src=\"https:\/\/vimage.online\/wp-content\/uploads\/2023\/09\/LIVRE-A-Altermatt-2-800x450.jpg\" height=\"450\" width=\"800\" alt=\"Livre biographique\" class=\"slider-1382 slide-1388 msDefaultImage\" title=\"Livre biographique\" \/><\/li>\n                <li style=\"display: none; width: 100%;\" class=\"slide-1389 ms-image \" aria-roledescription=\"slide\" data-date=\"2024-01-16 15:53:35\" data-filename=\"ATELIER-collage-mise-en-situation-2-800x450.jpg\" data-slide-type=\"image\"><img loading=\"lazy\" decoding=\"async\" src=\"https:\/\/vimage.online\/wp-content\/uploads\/2023\/09\/ATELIER-collage-mise-en-situation-2-800x450.jpg\" height=\"450\" width=\"800\" alt=\"Atelier collage\" class=\"slider-1382 slide-1389 msDefaultImage\" title=\"Atelier collage\" \/><\/li>\n            <\/ul>\n        <\/div>\n        \n    <\/div>\n<\/div><\/div>\n\n\n\n<div style=\"height:50px\" aria-hidden=\"true\" class=\"wp-block-spacer\"><\/div>\n<\/div><\/div>\n\n\n\n<div class=\"wp-block-group\"><div class=\"wp-block-group__inner-container is-layout-constrained wp-block-group-is-layout-constrained\">\n<div class=\"wp-block-columns is-layout-flex wp-container-core-columns-is-layout-9d6595d7 wp-block-columns-is-layout-flex\">\n<div class=\"wp-block-column is-layout-flow wp-block-column-is-layout-flow\" style=\"flex-basis:100%\">\n<div class=\"wp-block-cover alignfull is-light has-parallax is-position-center-center\" style=\"min-height:375px;aspect-ratio:unset;\"><span aria-hidden=\"true\" class=\"wp-block-cover__background has-black-background-color has-background-dim-40 has-background-dim\"><\/span><div role=\"img\" class=\"wp-block-cover__image-background wp-image-262 has-parallax\" style=\"background-position:50% 50%;background-image:url(http:\/\/bttgzgd.cluster028.hosting.ovh.net\/wp-content\/uploads\/2023\/09\/WEB-IMG_0689.jpg)\"><\/div><div class=\"wp-block-cover__inner-container is-layout-flow wp-block-cover-is-layout-flow\">\n<div class=\"wp-block-group\"><div class=\"wp-block-group__inner-container is-layout-constrained wp-block-group-is-layout-constrained\">\n<h2 class=\"wp-block-heading has-text-align-center has-text-color has-huge-font-size\" style=\"color:#fffffa\"><strong>Partir \u00e0 la d\u00e9couverte de soi<\/strong><\/h2>\n\n\n\n<p class=\"has-text-align-center has-white-color has-text-color\">Quelle que soit la forme, partir \u00e0 la d\u00e9couverte de soi n\u2019est jamais vain. On ressort<br>toujours nourri et renforc\u00e9 dans son identit\u00e9.<\/p>\n\n\n\n<div style=\"height:39px\" aria-hidden=\"true\" class=\"wp-block-spacer\"><\/div>\n\n\n\n<div class=\"wp-block-buttons is-horizontal is-content-justification-center is-layout-flex wp-container-core-buttons-is-layout-499968f5 wp-block-buttons-is-layout-flex\">\n<div class=\"wp-block-button has-custom-font-size is-style-outline has-small-font-size is-style-outline--2\"><a class=\"wp-block-button__link has-white-color has-text-color wp-element-button\" href=\"http:\/\/bttgzgd.cluster028.hosting.ovh.net\/index.php\/contact\/\" style=\"border-radius:0px\">Contactez-moi<\/a><\/div>\n<\/div>\n<\/div><\/div>\n<\/div><\/div>\n<\/div>\n<\/div>\n<\/div><\/div>\n","protected":false},"excerpt":{"rendered":"<p>Vimage La biographie autrement Nous avons tous une histoire extraordinaire \u00e0 r\u00e9v\u00e9ler et \u00e0 transmettre Partons ensemble \u00e0 la d\u00e9couverte de votre histoire.\u00c9crivons ensemble cette trajectoire unique, constitutive de votre identit\u00e9. Galerie<\/p>\n","protected":false},"author":1,"featured_media":290,"parent":0,"menu_order":0,"comment_status":"closed","ping_status":"closed","template":"","meta":{"footnotes":""},"class_list":["post-6","page","type-page","status-publish","has-post-thumbnail","hentry","entry","has-media"],"yoast_head":"<!-- This site is optimized with the Yoast SEO plugin v27.4 - https:\/\/yoast.com\/product\/yoast-seo-wordpress\/ -->\n<title>Accueil - Vimage<\/title>\n<meta name=\"description\" content=\"D\u00e9couvrez l&#039;art unique de la biographie autrement avec C\u00e9cile de Vimage. Accueil chaleureux, partagez votre histoire avec vos proches.\" \/>\n<meta name=\"robots\" content=\"index, follow, max-snippet:-1, max-image-preview:large, max-video-preview:-1\" \/>\n<link rel=\"canonical\" href=\"https:\/\/vimage.online\/\" \/>\n<meta property=\"og:locale\" content=\"fr_FR\" \/>\n<meta property=\"og:type\" content=\"article\" \/>\n<meta property=\"og:title\" content=\"Accueil - Vimage\" \/>\n<meta property=\"og:description\" content=\"D\u00e9couvrez l&#039;art unique de la biographie autrement avec C\u00e9cile de Vimage. Accueil chaleureux, partagez votre histoire avec vos proches.\" \/>\n<meta property=\"og:url\" content=\"https:\/\/vimage.online\/\" \/>\n<meta property=\"og:site_name\" content=\"Vimage\" \/>\n<meta property=\"article:modified_time\" content=\"2024-01-25T05:12:23+00:00\" \/>\n<meta property=\"og:image\" content=\"https:\/\/vimage.online\/wp-content\/uploads\/2023\/10\/cropped-WEB-VimageJuillet23hauteres-7.jpg\" \/>\n\t<meta property=\"og:image:width\" content=\"2000\" \/>\n\t<meta property=\"og:image:height\" content=\"1200\" \/>\n\t<meta property=\"og:image:type\" content=\"image\/jpeg\" \/>\n<meta name=\"twitter:card\" content=\"summary_large_image\" \/>\n<meta name=\"twitter:label1\" content=\"Dur\u00e9e de lecture estim\u00e9e\" \/>\n\t<meta name=\"twitter:data1\" content=\"3 minutes\" \/>\n<script type=\"application\/ld+json\" class=\"yoast-schema-graph\">{\"@context\":\"https:\\\/\\\/schema.org\",\"@graph\":[{\"@type\":\"WebPage\",\"@id\":\"https:\\\/\\\/vimage.online\\\/\",\"url\":\"https:\\\/\\\/vimage.online\\\/\",\"name\":\"Accueil - Vimage\",\"isPartOf\":{\"@id\":\"https:\\\/\\\/vimage.online\\\/#website\"},\"primaryImageOfPage\":{\"@id\":\"https:\\\/\\\/vimage.online\\\/#primaryimage\"},\"image\":{\"@id\":\"https:\\\/\\\/vimage.online\\\/#primaryimage\"},\"thumbnailUrl\":\"https:\\\/\\\/vimage.online\\\/wp-content\\\/uploads\\\/2023\\\/10\\\/cropped-WEB-VimageJuillet23hauteres-7.jpg\",\"datePublished\":\"2023-09-18T06:00:55+00:00\",\"dateModified\":\"2024-01-25T05:12:23+00:00\",\"description\":\"D\u00e9couvrez l'art unique de la biographie autrement avec C\u00e9cile de Vimage. Accueil chaleureux, partagez votre histoire avec vos proches.\",\"breadcrumb\":{\"@id\":\"https:\\\/\\\/vimage.online\\\/#breadcrumb\"},\"inLanguage\":\"fr-FR\",\"potentialAction\":[{\"@type\":\"ReadAction\",\"target\":[\"https:\\\/\\\/vimage.online\\\/\"]}]},{\"@type\":\"ImageObject\",\"inLanguage\":\"fr-FR\",\"@id\":\"https:\\\/\\\/vimage.online\\\/#primaryimage\",\"url\":\"https:\\\/\\\/vimage.online\\\/wp-content\\\/uploads\\\/2023\\\/10\\\/cropped-WEB-VimageJuillet23hauteres-7.jpg\",\"contentUrl\":\"https:\\\/\\\/vimage.online\\\/wp-content\\\/uploads\\\/2023\\\/10\\\/cropped-WEB-VimageJuillet23hauteres-7.jpg\",\"width\":2000,\"height\":1200,\"caption\":\"Portrait C\u00e9cile\"},{\"@type\":\"BreadcrumbList\",\"@id\":\"https:\\\/\\\/vimage.online\\\/#breadcrumb\",\"itemListElement\":[{\"@type\":\"ListItem\",\"position\":1,\"name\":\"Accueil\",\"item\":\"https:\\\/\\\/vimage.online\\\/\"},{\"@type\":\"ListItem\",\"position\":2,\"name\":\"Accueil\"}]},{\"@type\":\"WebSite\",\"@id\":\"https:\\\/\\\/vimage.online\\\/#website\",\"url\":\"https:\\\/\\\/vimage.online\\\/\",\"name\":\"Vimage\",\"description\":\"La biographie autrement\",\"publisher\":{\"@id\":\"https:\\\/\\\/vimage.online\\\/#organization\"},\"potentialAction\":[{\"@type\":\"SearchAction\",\"target\":{\"@type\":\"EntryPoint\",\"urlTemplate\":\"https:\\\/\\\/vimage.online\\\/?s={search_term_string}\"},\"query-input\":{\"@type\":\"PropertyValueSpecification\",\"valueRequired\":true,\"valueName\":\"search_term_string\"}}],\"inLanguage\":\"fr-FR\"},{\"@type\":\"Organization\",\"@id\":\"https:\\\/\\\/vimage.online\\\/#organization\",\"name\":\"Vimage\",\"url\":\"https:\\\/\\\/vimage.online\\\/\",\"logo\":{\"@type\":\"ImageObject\",\"inLanguage\":\"fr-FR\",\"@id\":\"https:\\\/\\\/vimage.online\\\/#\\\/schema\\\/logo\\\/image\\\/\",\"url\":\"https:\\\/\\\/vimage.online\\\/wp-content\\\/uploads\\\/2023\\\/09\\\/cropped-cropped-cropped-LOGO-Vimage.png\",\"contentUrl\":\"https:\\\/\\\/vimage.online\\\/wp-content\\\/uploads\\\/2023\\\/09\\\/cropped-cropped-cropped-LOGO-Vimage.png\",\"width\":3503,\"height\":2198,\"caption\":\"Vimage\"},\"image\":{\"@id\":\"https:\\\/\\\/vimage.online\\\/#\\\/schema\\\/logo\\\/image\\\/\"}}]}<\/script>\n<!-- \/ Yoast SEO plugin. -->","yoast_head_json":{"title":"Accueil - Vimage","description":"D\u00e9couvrez l'art unique de la biographie autrement avec C\u00e9cile de Vimage. Accueil chaleureux, partagez votre histoire avec vos proches.","robots":{"index":"index","follow":"follow","max-snippet":"max-snippet:-1","max-image-preview":"max-image-preview:large","max-video-preview":"max-video-preview:-1"},"canonical":"https:\/\/vimage.online\/","og_locale":"fr_FR","og_type":"article","og_title":"Accueil - Vimage","og_description":"D\u00e9couvrez l'art unique de la biographie autrement avec C\u00e9cile de Vimage. Accueil chaleureux, partagez votre histoire avec vos proches.","og_url":"https:\/\/vimage.online\/","og_site_name":"Vimage","article_modified_time":"2024-01-25T05:12:23+00:00","og_image":[{"width":2000,"height":1200,"url":"https:\/\/vimage.online\/wp-content\/uploads\/2023\/10\/cropped-WEB-VimageJuillet23hauteres-7.jpg","type":"image\/jpeg"}],"twitter_card":"summary_large_image","twitter_misc":{"Dur\u00e9e de lecture estim\u00e9e":"3 minutes"},"schema":{"@context":"https:\/\/schema.org","@graph":[{"@type":"WebPage","@id":"https:\/\/vimage.online\/","url":"https:\/\/vimage.online\/","name":"Accueil - Vimage","isPartOf":{"@id":"https:\/\/vimage.online\/#website"},"primaryImageOfPage":{"@id":"https:\/\/vimage.online\/#primaryimage"},"image":{"@id":"https:\/\/vimage.online\/#primaryimage"},"thumbnailUrl":"https:\/\/vimage.online\/wp-content\/uploads\/2023\/10\/cropped-WEB-VimageJuillet23hauteres-7.jpg","datePublished":"2023-09-18T06:00:55+00:00","dateModified":"2024-01-25T05:12:23+00:00","description":"D\u00e9couvrez l'art unique de la biographie autrement avec C\u00e9cile de Vimage. Accueil chaleureux, partagez votre histoire avec vos proches.","breadcrumb":{"@id":"https:\/\/vimage.online\/#breadcrumb"},"inLanguage":"fr-FR","potentialAction":[{"@type":"ReadAction","target":["https:\/\/vimage.online\/"]}]},{"@type":"ImageObject","inLanguage":"fr-FR","@id":"https:\/\/vimage.online\/#primaryimage","url":"https:\/\/vimage.online\/wp-content\/uploads\/2023\/10\/cropped-WEB-VimageJuillet23hauteres-7.jpg","contentUrl":"https:\/\/vimage.online\/wp-content\/uploads\/2023\/10\/cropped-WEB-VimageJuillet23hauteres-7.jpg","width":2000,"height":1200,"caption":"Portrait C\u00e9cile"},{"@type":"BreadcrumbList","@id":"https:\/\/vimage.online\/#breadcrumb","itemListElement":[{"@type":"ListItem","position":1,"name":"Accueil","item":"https:\/\/vimage.online\/"},{"@type":"ListItem","position":2,"name":"Accueil"}]},{"@type":"WebSite","@id":"https:\/\/vimage.online\/#website","url":"https:\/\/vimage.online\/","name":"Vimage","description":"La biographie autrement","publisher":{"@id":"https:\/\/vimage.online\/#organization"},"potentialAction":[{"@type":"SearchAction","target":{"@type":"EntryPoint","urlTemplate":"https:\/\/vimage.online\/?s={search_term_string}"},"query-input":{"@type":"PropertyValueSpecification","valueRequired":true,"valueName":"search_term_string"}}],"inLanguage":"fr-FR"},{"@type":"Organization","@id":"https:\/\/vimage.online\/#organization","name":"Vimage","url":"https:\/\/vimage.online\/","logo":{"@type":"ImageObject","inLanguage":"fr-FR","@id":"https:\/\/vimage.online\/#\/schema\/logo\/image\/","url":"https:\/\/vimage.online\/wp-content\/uploads\/2023\/09\/cropped-cropped-cropped-LOGO-Vimage.png","contentUrl":"https:\/\/vimage.online\/wp-content\/uploads\/2023\/09\/cropped-cropped-cropped-LOGO-Vimage.png","width":3503,"height":2198,"caption":"Vimage"},"image":{"@id":"https:\/\/vimage.online\/#\/schema\/logo\/image\/"}}]}},"_links":{"self":[{"href":"https:\/\/vimage.online\/index.php\/wp-json\/wp\/v2\/pages\/6","targetHints":{"allow":["GET"]}}],"collection":[{"href":"https:\/\/vimage.online\/index.php\/wp-json\/wp\/v2\/pages"}],"about":[{"href":"https:\/\/vimage.online\/index.php\/wp-json\/wp\/v2\/types\/page"}],"author":[{"embeddable":true,"href":"https:\/\/vimage.online\/index.php\/wp-json\/wp\/v2\/users\/1"}],"replies":[{"embeddable":true,"href":"https:\/\/vimage.online\/index.php\/wp-json\/wp\/v2\/comments?post=6"}],"version-history":[{"count":92,"href":"https:\/\/vimage.online\/index.php\/wp-json\/wp\/v2\/pages\/6\/revisions"}],"predecessor-version":[{"id":1606,"href":"https:\/\/vimage.online\/index.php\/wp-json\/wp\/v2\/pages\/6\/revisions\/1606"}],"wp:featuredmedia":[{"embeddable":true,"href":"https:\/\/vimage.online\/index.php\/wp-json\/wp\/v2\/media\/290"}],"wp:attachment":[{"href":"https:\/\/vimage.online\/index.php\/wp-json\/wp\/v2\/media?parent=6"}],"curies":[{"name":"wp","href":"https:\/\/api.w.org\/{rel}","templated":true}]}}